{"id":263,"date":"2021-11-30T11:01:43","date_gmt":"2021-11-30T10:01:43","guid":{"rendered":"http:\/\/localhost\/meyer\/?page_id=263"},"modified":"2021-12-06T19:54:50","modified_gmt":"2021-12-06T18:54:50","slug":"leistungen","status":"publish","type":"page","link":"https:\/\/meyer-gerats-coaching.de\/wp\/leistungen\/","title":{"rendered":"Leistungen"},"content":{"rendered":"\t\t<div data-elementor-type=\"wp-page\" data-elementor-id=\"263\" class=\"elementor elementor-263\" data-elementor-post-type=\"page\">\n\t\t\t\t\t\t\t\t\t<section class=\"elementor-section elementor-top-section elementor-element elementor-element-a508e5c elementor-section-full_width elementor-section-height-default elementor-section-height-default\" data-id=\"a508e5c\" data-element_type=\"section\">\n\t\t\t\t\t\t<div class=\"elementor-container elementor-column-gap-default\">\n\t\t\t\t\t<div class=\"elementor-column elementor-col-100 elementor-top-column elementor-element elementor-element-bea762b\" data-id=\"bea762b\" data-element_type=\"column\">\n\t\t\t<div class=\"elementor-widget-wrap elementor-element-populated\">\n\t\t\t\t\t\t\t\t<section class=\"elementor-section elementor-inner-section elementor-element elementor-element-f68c31f elementor-section-full_width elementor-section-height-default elementor-section-height-default\" data-id=\"f68c31f\" data-element_type=\"section\">\n\t\t\t\t\t\t<div class=\"elementor-container elementor-column-gap-default\">\n\t\t\t\t\t<div class=\"elementor-column elementor-col-33 elementor-inner-column elementor-element elementor-element-2a31a93\" data-id=\"2a31a93\" data-element_type=\"column\">\n\t\t\t<div class=\"elementor-widget-wrap elementor-element-populated\">\n\t\t\t\t\t\t\t\t<div class=\"elementor-element elementor-element-422f777 elementor-widget elementor-widget-heading\" data-id=\"422f777\" data-element_type=\"widget\" id=\"ueber\" data-widget_type=\"heading.default\">\n\t\t\t\t<div class=\"elementor-widget-container\">\n\t\t\t<style>\/*! elementor - v3.18.0 - 08-12-2023 *\/\n.elementor-heading-title{padding:0;margin:0;line-height:1}.elementor-widget-heading .elementor-heading-title[class*=elementor-size-]>a{color:inherit;font-size:inherit;line-height:inherit}.elementor-widget-heading .elementor-heading-title.elementor-size-small{font-size:15px}.elementor-widget-heading .elementor-heading-title.elementor-size-medium{font-size:19px}.elementor-widget-heading .elementor-heading-title.elementor-size-large{font-size:29px}.elementor-widget-heading .elementor-heading-title.elementor-size-xl{font-size:39px}.elementor-widget-heading .elementor-heading-title.elementor-size-xxl{font-size:59px}<\/style><h2 class=\"elementor-heading-title elementor-size-default\">Coaching<\/h2>\t\t<\/div>\n\t\t\t\t<\/div>\n\t\t\t\t<div class=\"elementor-element elementor-element-6b04b8c elementor-icon-list--layout-traditional elementor-list-item-link-full_width elementor-widget elementor-widget-icon-list\" data-id=\"6b04b8c\" data-element_type=\"widget\" data-widget_type=\"icon-list.default\">\n\t\t\t\t<div class=\"elementor-widget-container\">\n\t\t\t<link rel=\"stylesheet\" href=\"https:\/\/meyer-gerats-coaching.de\/wp\/wp-content\/plugins\/elementor\/assets\/css\/widget-icon-list.min.css\">\t\t<ul class=\"elementor-icon-list-items\">\n\t\t\t\t\t\t\t<li class=\"elementor-icon-list-item\">\n\t\t\t\t\t\t\t\t\t\t\t<span class=\"elementor-icon-list-icon\">\n\t\t\t\t\t\t\t<i aria-hidden=\"true\" class=\"fas fa-square\"><\/i>\t\t\t\t\t\t<\/span>\n\t\t\t\t\t\t\t\t\t\t<span class=\"elementor-icon-list-text\">Teamentwicklung<\/span>\n\t\t\t\t\t\t\t\t\t<\/li>\n\t\t\t\t\t\t\t\t<li class=\"elementor-icon-list-item\">\n\t\t\t\t\t\t\t\t\t\t\t<span class=\"elementor-icon-list-icon\">\n\t\t\t\t\t\t\t<i aria-hidden=\"true\" class=\"fas fa-square\"><\/i>\t\t\t\t\t\t<\/span>\n\t\t\t\t\t\t\t\t\t\t<span class=\"elementor-icon-list-text\">Pers\u00f6nlichkeitsentwicklung<\/span>\n\t\t\t\t\t\t\t\t\t<\/li>\n\t\t\t\t\t\t\t\t<li class=\"elementor-icon-list-item\">\n\t\t\t\t\t\t\t\t\t\t\t<span class=\"elementor-icon-list-icon\">\n\t\t\t\t\t\t\t<i aria-hidden=\"true\" class=\"fas fa-square\"><\/i>\t\t\t\t\t\t<\/span>\n\t\t\t\t\t\t\t\t\t\t<span class=\"elementor-icon-list-text\">Stress und Krisenmanagement<\/span>\n\t\t\t\t\t\t\t\t\t<\/li>\n\t\t\t\t\t\t\t\t<li class=\"elementor-icon-list-item\">\n\t\t\t\t\t\t\t\t\t\t\t<span class=\"elementor-icon-list-icon\">\n\t\t\t\t\t\t\t<i aria-hidden=\"true\" class=\"fas fa-square\"><\/i>\t\t\t\t\t\t<\/span>\n\t\t\t\t\t\t\t\t\t\t<span class=\"elementor-icon-list-text\">F\u00fchrungskr\u00e4fte-Entwicklung<\/span>\n\t\t\t\t\t\t\t\t\t<\/li>\n\t\t\t\t\t\t<\/ul>\n\t\t\t\t<\/div>\n\t\t\t\t<\/div>\n\t\t\t\t\t<\/div>\n\t\t<\/div>\n\t\t\t\t<div class=\"elementor-column elementor-col-33 elementor-inner-column elementor-element elementor-element-ec3a973\" data-id=\"ec3a973\" data-element_type=\"column\">\n\t\t\t<div class=\"elementor-widget-wrap elementor-element-populated\">\n\t\t\t\t\t\t\t\t<div class=\"elementor-element elementor-element-750c0f8 elementor-widget elementor-widget-heading\" data-id=\"750c0f8\" data-element_type=\"widget\" id=\"ueber\" data-widget_type=\"heading.default\">\n\t\t\t\t<div class=\"elementor-widget-container\">\n\t\t\t<h2 class=\"elementor-heading-title elementor-size-default\">Training<\/h2>\t\t<\/div>\n\t\t\t\t<\/div>\n\t\t\t\t<div class=\"elementor-element elementor-element-a119038 elementor-icon-list--layout-traditional elementor-list-item-link-full_width elementor-widget elementor-widget-icon-list\" data-id=\"a119038\" data-element_type=\"widget\" data-widget_type=\"icon-list.default\">\n\t\t\t\t<div class=\"elementor-widget-container\">\n\t\t\t\t\t<ul class=\"elementor-icon-list-items\">\n\t\t\t\t\t\t\t<li class=\"elementor-icon-list-item\">\n\t\t\t\t\t\t\t\t\t\t\t<span class=\"elementor-icon-list-icon\">\n\t\t\t\t\t\t\t<i aria-hidden=\"true\" class=\"fas fa-square\"><\/i>\t\t\t\t\t\t<\/span>\n\t\t\t\t\t\t\t\t\t\t<span class=\"elementor-icon-list-text\">Sales Trainings in der Praxis<\/span>\n\t\t\t\t\t\t\t\t\t<\/li>\n\t\t\t\t\t\t\t\t<li class=\"elementor-icon-list-item\">\n\t\t\t\t\t\t\t\t\t\t\t<span class=\"elementor-icon-list-icon\">\n\t\t\t\t\t\t\t<i aria-hidden=\"true\" class=\"fas fa-square\"><\/i>\t\t\t\t\t\t<\/span>\n\t\t\t\t\t\t\t\t\t\t<span class=\"elementor-icon-list-text\">Faktor Mensch im Vertrieb<\/span>\n\t\t\t\t\t\t\t\t\t<\/li>\n\t\t\t\t\t\t\t\t<li class=\"elementor-icon-list-item\">\n\t\t\t\t\t\t\t\t\t\t\t<span class=\"elementor-icon-list-icon\">\n\t\t\t\t\t\t\t<i aria-hidden=\"true\" class=\"fas fa-square\"><\/i>\t\t\t\t\t\t<\/span>\n\t\t\t\t\t\t\t\t\t\t<span class=\"elementor-icon-list-text\">Sales Strategie<\/span>\n\t\t\t\t\t\t\t\t\t<\/li>\n\t\t\t\t\t\t\t\t<li class=\"elementor-icon-list-item\">\n\t\t\t\t\t\t\t\t\t\t\t<span class=\"elementor-icon-list-icon\">\n\t\t\t\t\t\t\t<i aria-hidden=\"true\" class=\"fas fa-square\"><\/i>\t\t\t\t\t\t<\/span>\n\t\t\t\t\t\t\t\t\t\t<span class=\"elementor-icon-list-text\">Power Briefing<\/span>\n\t\t\t\t\t\t\t\t\t<\/li>\n\t\t\t\t\t\t\t\t<li class=\"elementor-icon-list-item\">\n\t\t\t\t\t\t\t\t\t\t\t<span class=\"elementor-icon-list-icon\">\n\t\t\t\t\t\t\t<i aria-hidden=\"true\" class=\"fas fa-square\"><\/i>\t\t\t\t\t\t<\/span>\n\t\t\t\t\t\t\t\t\t\t<span class=\"elementor-icon-list-text\">Teamentwicklung<\/span>\n\t\t\t\t\t\t\t\t\t<\/li>\n\t\t\t\t\t\t\t\t<li class=\"elementor-icon-list-item\">\n\t\t\t\t\t\t\t\t\t\t\t<span class=\"elementor-icon-list-icon\">\n\t\t\t\t\t\t\t<i aria-hidden=\"true\" class=\"fas fa-square\"><\/i>\t\t\t\t\t\t<\/span>\n\t\t\t\t\t\t\t\t\t\t<span class=\"elementor-icon-list-text\">Ich f\u00fchre Sie mit Ihrem Team \tzum Erfolg, mit motivierten Mitarbeitern \t\tund begeisterten Kunden.<\/span>\n\t\t\t\t\t\t\t\t\t<\/li>\n\t\t\t\t\t\t<\/ul>\n\t\t\t\t<\/div>\n\t\t\t\t<\/div>\n\t\t\t\t\t<\/div>\n\t\t<\/div>\n\t\t\t\t<div class=\"elementor-column elementor-col-33 elementor-inner-column elementor-element elementor-element-348a647\" data-id=\"348a647\" data-element_type=\"column\">\n\t\t\t<div class=\"elementor-widget-wrap elementor-element-populated\">\n\t\t\t\t\t\t\t\t<div class=\"elementor-element elementor-element-d8a6053 elementor-widget elementor-widget-heading\" data-id=\"d8a6053\" data-element_type=\"widget\" id=\"ueber\" data-widget_type=\"heading.default\">\n\t\t\t\t<div class=\"elementor-widget-container\">\n\t\t\t<h2 class=\"elementor-heading-title elementor-size-default\">MEDIATION-WIRTSCHAFT<\/h2>\t\t<\/div>\n\t\t\t\t<\/div>\n\t\t\t\t<div class=\"elementor-element elementor-element-b49fc88 elementor-icon-list--layout-traditional elementor-list-item-link-full_width elementor-widget elementor-widget-icon-list\" data-id=\"b49fc88\" data-element_type=\"widget\" data-widget_type=\"icon-list.default\">\n\t\t\t\t<div class=\"elementor-widget-container\">\n\t\t\t\t\t<ul class=\"elementor-icon-list-items\">\n\t\t\t\t\t\t\t<li class=\"elementor-icon-list-item\">\n\t\t\t\t\t\t\t\t\t\t\t<span class=\"elementor-icon-list-icon\">\n\t\t\t\t\t\t\t<i aria-hidden=\"true\" class=\"fas fa-square\"><\/i>\t\t\t\t\t\t<\/span>\n\t\t\t\t\t\t\t\t\t\t<span class=\"elementor-icon-list-text\">Gestalten und kl\u00e4ren von Zusammenarbeit<\/span>\n\t\t\t\t\t\t\t\t\t<\/li>\n\t\t\t\t\t\t\t\t<li class=\"elementor-icon-list-item\">\n\t\t\t\t\t\t\t\t\t\t\t<span class=\"elementor-icon-list-icon\">\n\t\t\t\t\t\t\t<i aria-hidden=\"true\" class=\"fas fa-square\"><\/i>\t\t\t\t\t\t<\/span>\n\t\t\t\t\t\t\t\t\t\t<span class=\"elementor-icon-list-text\">Gestalten von Ver\u00e4nderungsprozessen<\/span>\n\t\t\t\t\t\t\t\t\t<\/li>\n\t\t\t\t\t\t\t\t<li class=\"elementor-icon-list-item\">\n\t\t\t\t\t\t\t\t\t\t\t<span class=\"elementor-icon-list-icon\">\n\t\t\t\t\t\t\t<i aria-hidden=\"true\" class=\"fas fa-square\"><\/i>\t\t\t\t\t\t<\/span>\n\t\t\t\t\t\t\t\t\t\t<span class=\"elementor-icon-list-text\">Team Check<\/span>\n\t\t\t\t\t\t\t\t\t<\/li>\n\t\t\t\t\t\t\t\t<li class=\"elementor-icon-list-item\">\n\t\t\t\t\t\t\t\t\t\t\t<span class=\"elementor-icon-list-icon\">\n\t\t\t\t\t\t\t<i aria-hidden=\"true\" class=\"fas fa-square\"><\/i>\t\t\t\t\t\t<\/span>\n\t\t\t\t\t\t\t\t\t\t<span class=\"elementor-icon-list-text\">Team Entwicklung und Beratung<\/span>\n\t\t\t\t\t\t\t\t\t<\/li>\n\t\t\t\t\t\t\t\t<li class=\"elementor-icon-list-item\">\n\t\t\t\t\t\t\t\t\t\t\t<span class=\"elementor-icon-list-icon\">\n\t\t\t\t\t\t\t<i aria-hidden=\"true\" class=\"fas fa-square\"><\/i>\t\t\t\t\t\t<\/span>\n\t\t\t\t\t\t\t\t\t\t<span class=\"elementor-icon-list-text\">Supervision<\/span>\n\t\t\t\t\t\t\t\t\t<\/li>\n\t\t\t\t\t\t\t\t<li class=\"elementor-icon-list-item\">\n\t\t\t\t\t\t\t\t\t\t\t<span class=\"elementor-icon-list-icon\">\n\t\t\t\t\t\t\t<i aria-hidden=\"true\" class=\"fas fa-square\"><\/i>\t\t\t\t\t\t<\/span>\n\t\t\t\t\t\t\t\t\t\t<span class=\"elementor-icon-list-text\">F\u00fchrungskr\u00e4fte<\/span>\n\t\t\t\t\t\t\t\t\t<\/li>\n\t\t\t\t\t\t\t\t<li class=\"elementor-icon-list-item\">\n\t\t\t\t\t\t\t\t\t\t\t<span class=\"elementor-icon-list-icon\">\n\t\t\t\t\t\t\t<i aria-hidden=\"true\" class=\"fas fa-square\"><\/i>\t\t\t\t\t\t<\/span>\n\t\t\t\t\t\t\t\t\t\t<span class=\"elementor-icon-list-text\">Kommunikationskonzepte<\/span>\n\t\t\t\t\t\t\t\t\t<\/li>\n\t\t\t\t\t\t<\/ul>\n\t\t\t\t<\/div>\n\t\t\t\t<\/div>\n\t\t\t\t\t<\/div>\n\t\t<\/div>\n\t\t\t\t\t\t\t<\/div>\n\t\t<\/section>\n\t\t\t\t\t<\/div>\n\t\t<\/div>\n\t\t\t\t\t\t\t<\/div>\n\t\t<\/section>\n\t\t\t\t\t\t\t<\/div>\n\t\t","protected":false},"excerpt":{"rendered":"<p>Coaching Teamentwicklung Pers\u00f6nlichkeitsentwicklung Stress und Krisenmanagement F\u00fchrungskr\u00e4fte-Entwicklung Training Sales Trainings in der Praxis Faktor Mensch im Vertrieb Sales Strategie Power Briefing Teamentwicklung Ich f\u00fchre Sie mit Ihrem Team zum Erfolg, mit motivierten Mitarbeitern und begeisterten Kunden. MEDIATION-WIRTSCHAFT Gestalten und kl\u00e4ren von Zusammenarbeit Gestalten von Ver\u00e4nderungsprozessen Team Check Team Entwicklung und Beratung Supervision F\u00fchrungskr\u00e4fte Kommunikationskonzepte<\/p>\n","protected":false},"author":1,"featured_media":0,"parent":0,"menu_order":0,"comment_status":"closed","ping_status":"closed","template":"","meta":{"inline_featured_image":false,"footnotes":""},"class_list":["post-263","page","type-page","status-publish","hentry"],"yoast_head":"<!-- This site is optimized with the Yoast SEO plugin v21.7 - https:\/\/yoast.com\/wordpress\/plugins\/seo\/ -->\n<title>Leistungen - Meyer-Gerats Coaching<\/title>\n<meta name=\"robots\" content=\"index, follow, max-snippet:-1, max-image-preview:large, max-video-preview:-1\" \/>\n<link rel=\"canonical\" href=\"https:\/\/meyer-gerats-coaching.de\/wp\/leistungen\/\" \/>\n<meta property=\"og:locale\" content=\"de_DE\" \/>\n<meta property=\"og:type\" content=\"article\" \/>\n<meta property=\"og:title\" content=\"Leistungen - Meyer-Gerats Coaching\" \/>\n<meta property=\"og:description\" content=\"Coaching Teamentwicklung Pers\u00f6nlichkeitsentwicklung Stress und Krisenmanagement F\u00fchrungskr\u00e4fte-Entwicklung Training Sales Trainings in der Praxis Faktor Mensch im Vertrieb Sales Strategie Power Briefing Teamentwicklung Ich f\u00fchre Sie mit Ihrem Team zum Erfolg, mit motivierten Mitarbeitern und begeisterten Kunden. MEDIATION-WIRTSCHAFT Gestalten und kl\u00e4ren von Zusammenarbeit Gestalten von Ver\u00e4nderungsprozessen Team Check Team Entwicklung und Beratung Supervision F\u00fchrungskr\u00e4fte Kommunikationskonzepte\" \/>\n<meta property=\"og:url\" content=\"https:\/\/meyer-gerats-coaching.de\/wp\/leistungen\/\" \/>\n<meta property=\"og:site_name\" content=\"Meyer-Gerats Coaching\" \/>\n<meta property=\"article:modified_time\" content=\"2021-12-06T18:54:50+00:00\" \/>\n<meta name=\"twitter:card\" content=\"summary_large_image\" \/>\n<script type=\"application\/ld+json\" class=\"yoast-schema-graph\">{\"@context\":\"https:\/\/schema.org\",\"@graph\":[{\"@type\":\"WebPage\",\"@id\":\"https:\/\/meyer-gerats-coaching.de\/wp\/leistungen\/\",\"url\":\"https:\/\/meyer-gerats-coaching.de\/wp\/leistungen\/\",\"name\":\"Leistungen - Meyer-Gerats Coaching\",\"isPartOf\":{\"@id\":\"https:\/\/meyer-gerats-coaching.de\/wp\/#website\"},\"datePublished\":\"2021-11-30T10:01:43+00:00\",\"dateModified\":\"2021-12-06T18:54:50+00:00\",\"breadcrumb\":{\"@id\":\"https:\/\/meyer-gerats-coaching.de\/wp\/leistungen\/#breadcrumb\"},\"inLanguage\":\"de\",\"potentialAction\":[{\"@type\":\"ReadAction\",\"target\":[\"https:\/\/meyer-gerats-coaching.de\/wp\/leistungen\/\"]}]},{\"@type\":\"BreadcrumbList\",\"@id\":\"https:\/\/meyer-gerats-coaching.de\/wp\/leistungen\/#breadcrumb\",\"itemListElement\":[{\"@type\":\"ListItem\",\"position\":1,\"name\":\"Startseite\",\"item\":\"https:\/\/meyer-gerats-coaching.de\/wp\/\"},{\"@type\":\"ListItem\",\"position\":2,\"name\":\"Leistungen\"}]},{\"@type\":\"WebSite\",\"@id\":\"https:\/\/meyer-gerats-coaching.de\/wp\/#website\",\"url\":\"https:\/\/meyer-gerats-coaching.de\/wp\/\",\"name\":\"Meyer-Gerats Coaching\",\"description\":\"Coaching -Training - Mediation\",\"publisher\":{\"@id\":\"https:\/\/meyer-gerats-coaching.de\/wp\/#organization\"},\"potentialAction\":[{\"@type\":\"SearchAction\",\"target\":{\"@type\":\"EntryPoint\",\"urlTemplate\":\"https:\/\/meyer-gerats-coaching.de\/wp\/?s={search_term_string}\"},\"query-input\":\"required name=search_term_string\"}],\"inLanguage\":\"de\"},{\"@type\":\"Organization\",\"@id\":\"https:\/\/meyer-gerats-coaching.de\/wp\/#organization\",\"name\":\"Meyer-Gerats Coaching\",\"url\":\"https:\/\/meyer-gerats-coaching.de\/wp\/\",\"logo\":{\"@type\":\"ImageObject\",\"inLanguage\":\"de\",\"@id\":\"https:\/\/meyer-gerats-coaching.de\/wp\/#\/schema\/logo\/image\/\",\"url\":\"https:\/\/meyer-gerats-coaching.de\/wp\/wp-content\/uploads\/2021\/11\/logo-meyer-aktuell.png\",\"contentUrl\":\"https:\/\/meyer-gerats-coaching.de\/wp\/wp-content\/uploads\/2021\/11\/logo-meyer-aktuell.png\",\"width\":1408,\"height\":738,\"caption\":\"Meyer-Gerats Coaching\"},\"image\":{\"@id\":\"https:\/\/meyer-gerats-coaching.de\/wp\/#\/schema\/logo\/image\/\"},\"sameAs\":[\"https:\/\/www.xing.com\/profile\/Marlies_MeyerGerats\",\"https:\/\/www.linkedin.com\/in\/marlies-meyer-gerats-359623137\"]}]}<\/script>\n<!-- \/ Yoast SEO plugin. -->","yoast_head_json":{"title":"Leistungen - Meyer-Gerats Coaching","robots":{"index":"index","follow":"follow","max-snippet":"max-snippet:-1","max-image-preview":"max-image-preview:large","max-video-preview":"max-video-preview:-1"},"canonical":"https:\/\/meyer-gerats-coaching.de\/wp\/leistungen\/","og_locale":"de_DE","og_type":"article","og_title":"Leistungen - Meyer-Gerats Coaching","og_description":"Coaching Teamentwicklung Pers\u00f6nlichkeitsentwicklung Stress und Krisenmanagement F\u00fchrungskr\u00e4fte-Entwicklung Training Sales Trainings in der Praxis Faktor Mensch im Vertrieb Sales Strategie Power Briefing Teamentwicklung Ich f\u00fchre Sie mit Ihrem Team zum Erfolg, mit motivierten Mitarbeitern und begeisterten Kunden. MEDIATION-WIRTSCHAFT Gestalten und kl\u00e4ren von Zusammenarbeit Gestalten von Ver\u00e4nderungsprozessen Team Check Team Entwicklung und Beratung Supervision F\u00fchrungskr\u00e4fte Kommunikationskonzepte","og_url":"https:\/\/meyer-gerats-coaching.de\/wp\/leistungen\/","og_site_name":"Meyer-Gerats Coaching","article_modified_time":"2021-12-06T18:54:50+00:00","twitter_card":"summary_large_image","schema":{"@context":"https:\/\/schema.org","@graph":[{"@type":"WebPage","@id":"https:\/\/meyer-gerats-coaching.de\/wp\/leistungen\/","url":"https:\/\/meyer-gerats-coaching.de\/wp\/leistungen\/","name":"Leistungen - Meyer-Gerats Coaching","isPartOf":{"@id":"https:\/\/meyer-gerats-coaching.de\/wp\/#website"},"datePublished":"2021-11-30T10:01:43+00:00","dateModified":"2021-12-06T18:54:50+00:00","breadcrumb":{"@id":"https:\/\/meyer-gerats-coaching.de\/wp\/leistungen\/#breadcrumb"},"inLanguage":"de","potentialAction":[{"@type":"ReadAction","target":["https:\/\/meyer-gerats-coaching.de\/wp\/leistungen\/"]}]},{"@type":"BreadcrumbList","@id":"https:\/\/meyer-gerats-coaching.de\/wp\/leistungen\/#breadcrumb","itemListElement":[{"@type":"ListItem","position":1,"name":"Startseite","item":"https:\/\/meyer-gerats-coaching.de\/wp\/"},{"@type":"ListItem","position":2,"name":"Leistungen"}]},{"@type":"WebSite","@id":"https:\/\/meyer-gerats-coaching.de\/wp\/#website","url":"https:\/\/meyer-gerats-coaching.de\/wp\/","name":"Meyer-Gerats Coaching","description":"Coaching -Training - Mediation","publisher":{"@id":"https:\/\/meyer-gerats-coaching.de\/wp\/#organization"},"potentialAction":[{"@type":"SearchAction","target":{"@type":"EntryPoint","urlTemplate":"https:\/\/meyer-gerats-coaching.de\/wp\/?s={search_term_string}"},"query-input":"required name=search_term_string"}],"inLanguage":"de"},{"@type":"Organization","@id":"https:\/\/meyer-gerats-coaching.de\/wp\/#organization","name":"Meyer-Gerats Coaching","url":"https:\/\/meyer-gerats-coaching.de\/wp\/","logo":{"@type":"ImageObject","inLanguage":"de","@id":"https:\/\/meyer-gerats-coaching.de\/wp\/#\/schema\/logo\/image\/","url":"https:\/\/meyer-gerats-coaching.de\/wp\/wp-content\/uploads\/2021\/11\/logo-meyer-aktuell.png","contentUrl":"https:\/\/meyer-gerats-coaching.de\/wp\/wp-content\/uploads\/2021\/11\/logo-meyer-aktuell.png","width":1408,"height":738,"caption":"Meyer-Gerats Coaching"},"image":{"@id":"https:\/\/meyer-gerats-coaching.de\/wp\/#\/schema\/logo\/image\/"},"sameAs":["https:\/\/www.xing.com\/profile\/Marlies_MeyerGerats","https:\/\/www.linkedin.com\/in\/marlies-meyer-gerats-359623137"]}]}},"_links":{"self":[{"href":"https:\/\/meyer-gerats-coaching.de\/wp\/wp-json\/wp\/v2\/pages\/263","targetHints":{"allow":["GET"]}}],"collection":[{"href":"https:\/\/meyer-gerats-coaching.de\/wp\/wp-json\/wp\/v2\/pages"}],"about":[{"href":"https:\/\/meyer-gerats-coaching.de\/wp\/wp-json\/wp\/v2\/types\/page"}],"author":[{"embeddable":true,"href":"https:\/\/meyer-gerats-coaching.de\/wp\/wp-json\/wp\/v2\/users\/1"}],"replies":[{"embeddable":true,"href":"https:\/\/meyer-gerats-coaching.de\/wp\/wp-json\/wp\/v2\/comments?post=263"}],"version-history":[{"count":25,"href":"https:\/\/meyer-gerats-coaching.de\/wp\/wp-json\/wp\/v2\/pages\/263\/revisions"}],"predecessor-version":[{"id":714,"href":"https:\/\/meyer-gerats-coaching.de\/wp\/wp-json\/wp\/v2\/pages\/263\/revisions\/714"}],"wp:attachment":[{"href":"https:\/\/meyer-gerats-coaching.de\/wp\/wp-json\/wp\/v2\/media?parent=263"}],"curies":[{"name":"wp","href":"https:\/\/api.w.org\/{rel}","templated":true}]}}