{"id":1164,"date":"2023-12-19T16:03:01","date_gmt":"2023-12-19T15:03:01","guid":{"rendered":"https:\/\/meyer-gerats-coaching.de\/wp\/?page_id=1164"},"modified":"2023-12-19T16:29:14","modified_gmt":"2023-12-19T15:29:14","slug":"seminar-fuehrungskraefte","status":"publish","type":"page","link":"https:\/\/meyer-gerats-coaching.de\/wp\/seminar-fuehrungskraefte\/","title":{"rendered":"Seminar F\u00fchrungskr\u00e4fte 1"},"content":{"rendered":"\t\t<div data-elementor-type=\"wp-page\" data-elementor-id=\"1164\" class=\"elementor elementor-1164\" data-elementor-post-type=\"page\">\n\t\t\t\t\t\t\t<div class=\"elementor-element elementor-element-c16079a e-flex e-con-boxed e-con e-parent\" data-id=\"c16079a\" data-element_type=\"container\" data-settings=\"{&quot;content_width&quot;:&quot;boxed&quot;}\" data-core-v316-plus=\"true\">\n\t\t\t\t\t<div class=\"e-con-inner\">\n\t\t<div class=\"elementor-element elementor-element-ad3aa18 e-con-full e-flex e-con e-child\" data-id=\"ad3aa18\" data-element_type=\"container\" data-settings=\"{&quot;content_width&quot;:&quot;full&quot;}\">\n\t\t<div class=\"elementor-element elementor-element-8b728cf e-con-full e-flex elementor-invisible e-con e-child\" data-id=\"8b728cf\" data-element_type=\"container\" data-settings=\"{&quot;content_width&quot;:&quot;full&quot;,&quot;animation&quot;:&quot;fadeInUp&quot;}\">\n\t\t\t\t<div class=\"elementor-element elementor-element-1da297a elementor-widget elementor-widget-image\" data-id=\"1da297a\" data-element_type=\"widget\" data-widget_type=\"image.default\">\n\t\t\t\t<div class=\"elementor-widget-container\">\n\t\t\t<style>\/*! elementor - v3.18.0 - 08-12-2023 *\/\n.elementor-widget-image{text-align:center}.elementor-widget-image a{display:inline-block}.elementor-widget-image a img[src$=\".svg\"]{width:48px}.elementor-widget-image img{vertical-align:middle;display:inline-block}<\/style>\t\t\t\t\t\t\t\t\t\t\t\t<img fetchpriority=\"high\" decoding=\"async\" width=\"1024\" height=\"1024\" src=\"https:\/\/meyer-gerats-coaching.de\/wp\/wp-content\/uploads\/2023\/03\/flipchart-5.svg\" class=\"attachment-large size-large wp-image-935\" alt=\"\" \/>\t\t\t\t\t\t\t\t\t\t\t\t\t\t\t<\/div>\n\t\t\t\t<\/div>\n\t\t\t\t<\/div>\n\t\t<div class=\"elementor-element elementor-element-2a9211e e-con-full e-flex elementor-invisible e-con e-child\" data-id=\"2a9211e\" data-element_type=\"container\" data-settings=\"{&quot;content_width&quot;:&quot;full&quot;,&quot;animation&quot;:&quot;fadeInRight&quot;}\">\n\t\t\t\t<div class=\"elementor-element elementor-element-6f0ad27 elementor-widget elementor-widget-theme-post-title elementor-page-title elementor-widget-heading\" data-id=\"6f0ad27\" data-element_type=\"widget\" data-widget_type=\"theme-post-title.default\">\n\t\t\t\t<div class=\"elementor-widget-container\">\n\t\t\t<style>\/*! elementor - v3.18.0 - 08-12-2023 *\/\n.elementor-heading-title{padding:0;margin:0;line-height:1}.elementor-widget-heading .elementor-heading-title[class*=elementor-size-]>a{color:inherit;font-size:inherit;line-height:inherit}.elementor-widget-heading .elementor-heading-title.elementor-size-small{font-size:15px}.elementor-widget-heading .elementor-heading-title.elementor-size-medium{font-size:19px}.elementor-widget-heading .elementor-heading-title.elementor-size-large{font-size:29px}.elementor-widget-heading .elementor-heading-title.elementor-size-xl{font-size:39px}.elementor-widget-heading .elementor-heading-title.elementor-size-xxl{font-size:59px}<\/style><h1 class=\"elementor-heading-title elementor-size-default\">Seminar F\u00fchrungskr\u00e4fte 1<\/h1>\t\t<\/div>\n\t\t\t\t<\/div>\n\t\t\t\t<\/div>\n\t\t\t\t<\/div>\n\t\t<div class=\"elementor-element elementor-element-d491970 e-con-full e-flex e-con e-child\" data-id=\"d491970\" data-element_type=\"container\" data-settings=\"{&quot;content_width&quot;:&quot;full&quot;}\">\n\t\t\t\t<div class=\"elementor-element elementor-element-0464e56 haupttext elementor-widget elementor-widget-text-editor\" data-id=\"0464e56\" data-element_type=\"widget\" data-widget_type=\"text-editor.default\">\n\t\t\t\t<div class=\"elementor-widget-container\">\n\t\t\t<style>\/*! elementor - v3.18.0 - 08-12-2023 *\/\n.elementor-widget-text-editor.elementor-drop-cap-view-stacked .elementor-drop-cap{background-color:#69727d;color:#fff}.elementor-widget-text-editor.elementor-drop-cap-view-framed .elementor-drop-cap{color:#69727d;border:3px solid;background-color:transparent}.elementor-widget-text-editor:not(.elementor-drop-cap-view-default) .elementor-drop-cap{margin-top:8px}.elementor-widget-text-editor:not(.elementor-drop-cap-view-default) .elementor-drop-cap-letter{width:1em;height:1em}.elementor-widget-text-editor .elementor-drop-cap{float:left;text-align:center;line-height:1;font-size:50px}.elementor-widget-text-editor .elementor-drop-cap-letter{display:inline-block}<\/style>\t\t\t\t<p><strong>Aufbl\u00fchen statt Ausbrennen<\/strong><\/p><p>\u201eDich und Dein Team st\u00e4rken &#8211; die Kraft der positiven F\u00fchrung\u201c<\/p><p>Du bist F\u00fchrungskraft oder strebst diese Position an?<br \/>Du m\u00f6chtest ein Team sicher f\u00fchren und gemeinsam mit diesem Deine Ziele erreichen?<br \/>Du m\u00f6chtest auf allen Ebenen besser kommunizieren und verstanden werden?<br \/>Dann kann ich viel f\u00fcr dich tun.<\/p><p>Meine big five:<\/p><ul><li>Meine Sprache \u201eIch\u201c<\/li><li>Feedback<\/li><li>Kommunikation<\/li><li>Team (f\u00f6rdern &amp; fordern)<\/li><li>F\u00fchrung<\/li><\/ul><p>Mein Ziel ist dich abzuholen und dir helfen, Deinen roten \u201eto do Faden\u201c aufzunehmen in Deiner Aufgabe als F\u00fchrungskraft. Das du selber schneller zu L\u00f6sungen kommst und dein Team motivieren kannst f\u00fcr Aufgaben und neue Ziele.<br \/>Du Mitarbeiter besser verstehen lernst und andere Grundlagen f\u00fcr Entwicklungsprozesse nutzt.<br \/>Du Mitarbeiter an dich und dein Unternehmen bindest, weil du es als F\u00fchrungskraft drauf hast und dein Team dich respektiert&#8230; das Du mehr Verantwortung \u00fcbernimmst weil Du es kannst!<\/p><p><strong>Seminar Ort:<\/strong><br \/>Schloss Walbeck<br \/>Am Schloss Walbeck 31<br \/>47608 Geldern<\/p><p><strong>Beginn:<\/strong><br \/>1.Tag 9.00 Uhr-17.00 Uhr<br \/>2.Tag 9.00 Uhr-16.00 Uhr<\/p><p><strong>Geb\u00fchr (inkl.Verpflegung):<\/strong> 1200,00 \u20ac +MWSt.<\/p>\t\t\t\t\t\t<\/div>\n\t\t\t\t<\/div>\n\t\t\t\t<\/div>\n\t\t\t\t\t<\/div>\n\t\t\t\t<\/div>\n\t\t\t\t\t\t\t<\/div>\n\t\t","protected":false},"excerpt":{"rendered":"<p>Aufbl\u00fchen statt Ausbrennen \u201eDich und Dein Team st\u00e4rken &#8211; die Kraft der positiven F\u00fchrung\u201c Du bist F\u00fchrungskraft oder strebst diese Position an?Du m\u00f6chtest ein Team sicher f\u00fchren und gemeinsam mit diesem Deine Ziele erreichen?Du m\u00f6chtest auf allen Ebenen besser kommunizieren und verstanden werden?Dann kann ich viel f\u00fcr dich tun. Meine big five: Meine Sprache \u201eIch\u201c [&hellip;]<\/p>\n","protected":false},"author":1,"featured_media":935,"parent":0,"menu_order":0,"comment_status":"closed","ping_status":"closed","template":"","meta":{"inline_featured_image":false,"footnotes":""},"class_list":["post-1164","page","type-page","status-publish","has-post-thumbnail","hentry"],"yoast_head":"<!-- This site is optimized with the Yoast SEO plugin v21.7 - https:\/\/yoast.com\/wordpress\/plugins\/seo\/ -->\n<title>Seminar F\u00fchrungskr\u00e4fte 1 - Meyer-Gerats Coaching<\/title>\n<meta name=\"robots\" content=\"index, follow, max-snippet:-1, max-image-preview:large, max-video-preview:-1\" \/>\n<link rel=\"canonical\" href=\"https:\/\/meyer-gerats-coaching.de\/wp\/seminar-fuehrungskraefte\/\" \/>\n<meta property=\"og:locale\" content=\"de_DE\" \/>\n<meta property=\"og:type\" content=\"article\" \/>\n<meta property=\"og:title\" content=\"Seminar F\u00fchrungskr\u00e4fte 1 - Meyer-Gerats Coaching\" \/>\n<meta property=\"og:description\" content=\"Aufbl\u00fchen statt Ausbrennen \u201eDich und Dein Team st\u00e4rken &#8211; die Kraft der positiven F\u00fchrung\u201c Du bist F\u00fchrungskraft oder strebst diese Position an?Du m\u00f6chtest ein Team sicher f\u00fchren und gemeinsam mit diesem Deine Ziele erreichen?Du m\u00f6chtest auf allen Ebenen besser kommunizieren und verstanden werden?Dann kann ich viel f\u00fcr dich tun. Meine big five: Meine Sprache \u201eIch\u201c [&hellip;]\" \/>\n<meta property=\"og:url\" content=\"https:\/\/meyer-gerats-coaching.de\/wp\/seminar-fuehrungskraefte\/\" \/>\n<meta property=\"og:site_name\" content=\"Meyer-Gerats Coaching\" \/>\n<meta property=\"article:modified_time\" content=\"2023-12-19T15:29:14+00:00\" \/>\n<meta name=\"twitter:card\" content=\"summary_large_image\" \/>\n<meta name=\"twitter:image\" content=\"https:\/\/meyer-gerats-coaching.de\/wp\/wp-content\/uploads\/2023\/03\/flipchart-5.svg\" \/>\n<meta name=\"twitter:label1\" content=\"Gesch\u00e4tzte Lesezeit\" \/>\n\t<meta name=\"twitter:data1\" content=\"2\u00a0Minuten\" \/>\n<script type=\"application\/ld+json\" class=\"yoast-schema-graph\">{\"@context\":\"https:\/\/schema.org\",\"@graph\":[{\"@type\":\"WebPage\",\"@id\":\"https:\/\/meyer-gerats-coaching.de\/wp\/seminar-fuehrungskraefte\/\",\"url\":\"https:\/\/meyer-gerats-coaching.de\/wp\/seminar-fuehrungskraefte\/\",\"name\":\"Seminar F\u00fchrungskr\u00e4fte 1 - Meyer-Gerats Coaching\",\"isPartOf\":{\"@id\":\"https:\/\/meyer-gerats-coaching.de\/wp\/#website\"},\"datePublished\":\"2023-12-19T15:03:01+00:00\",\"dateModified\":\"2023-12-19T15:29:14+00:00\",\"breadcrumb\":{\"@id\":\"https:\/\/meyer-gerats-coaching.de\/wp\/seminar-fuehrungskraefte\/#breadcrumb\"},\"inLanguage\":\"de\",\"potentialAction\":[{\"@type\":\"ReadAction\",\"target\":[\"https:\/\/meyer-gerats-coaching.de\/wp\/seminar-fuehrungskraefte\/\"]}]},{\"@type\":\"BreadcrumbList\",\"@id\":\"https:\/\/meyer-gerats-coaching.de\/wp\/seminar-fuehrungskraefte\/#breadcrumb\",\"itemListElement\":[{\"@type\":\"ListItem\",\"position\":1,\"name\":\"Startseite\",\"item\":\"https:\/\/meyer-gerats-coaching.de\/wp\/\"},{\"@type\":\"ListItem\",\"position\":2,\"name\":\"Seminar F\u00fchrungskr\u00e4fte 1\"}]},{\"@type\":\"WebSite\",\"@id\":\"https:\/\/meyer-gerats-coaching.de\/wp\/#website\",\"url\":\"https:\/\/meyer-gerats-coaching.de\/wp\/\",\"name\":\"Meyer-Gerats Coaching\",\"description\":\"Coaching -Training - Mediation\",\"publisher\":{\"@id\":\"https:\/\/meyer-gerats-coaching.de\/wp\/#organization\"},\"potentialAction\":[{\"@type\":\"SearchAction\",\"target\":{\"@type\":\"EntryPoint\",\"urlTemplate\":\"https:\/\/meyer-gerats-coaching.de\/wp\/?s={search_term_string}\"},\"query-input\":\"required name=search_term_string\"}],\"inLanguage\":\"de\"},{\"@type\":\"Organization\",\"@id\":\"https:\/\/meyer-gerats-coaching.de\/wp\/#organization\",\"name\":\"Meyer-Gerats Coaching\",\"url\":\"https:\/\/meyer-gerats-coaching.de\/wp\/\",\"logo\":{\"@type\":\"ImageObject\",\"inLanguage\":\"de\",\"@id\":\"https:\/\/meyer-gerats-coaching.de\/wp\/#\/schema\/logo\/image\/\",\"url\":\"https:\/\/meyer-gerats-coaching.de\/wp\/wp-content\/uploads\/2021\/11\/logo-meyer-aktuell.png\",\"contentUrl\":\"https:\/\/meyer-gerats-coaching.de\/wp\/wp-content\/uploads\/2021\/11\/logo-meyer-aktuell.png\",\"width\":1408,\"height\":738,\"caption\":\"Meyer-Gerats Coaching\"},\"image\":{\"@id\":\"https:\/\/meyer-gerats-coaching.de\/wp\/#\/schema\/logo\/image\/\"},\"sameAs\":[\"https:\/\/www.xing.com\/profile\/Marlies_MeyerGerats\",\"https:\/\/www.linkedin.com\/in\/marlies-meyer-gerats-359623137\"]}]}<\/script>\n<!-- \/ Yoast SEO plugin. -->","yoast_head_json":{"title":"Seminar F\u00fchrungskr\u00e4fte 1 - Meyer-Gerats Coaching","robots":{"index":"index","follow":"follow","max-snippet":"max-snippet:-1","max-image-preview":"max-image-preview:large","max-video-preview":"max-video-preview:-1"},"canonical":"https:\/\/meyer-gerats-coaching.de\/wp\/seminar-fuehrungskraefte\/","og_locale":"de_DE","og_type":"article","og_title":"Seminar F\u00fchrungskr\u00e4fte 1 - Meyer-Gerats Coaching","og_description":"Aufbl\u00fchen statt Ausbrennen \u201eDich und Dein Team st\u00e4rken &#8211; die Kraft der positiven F\u00fchrung\u201c Du bist F\u00fchrungskraft oder strebst diese Position an?Du m\u00f6chtest ein Team sicher f\u00fchren und gemeinsam mit diesem Deine Ziele erreichen?Du m\u00f6chtest auf allen Ebenen besser kommunizieren und verstanden werden?Dann kann ich viel f\u00fcr dich tun. Meine big five: Meine Sprache \u201eIch\u201c [&hellip;]","og_url":"https:\/\/meyer-gerats-coaching.de\/wp\/seminar-fuehrungskraefte\/","og_site_name":"Meyer-Gerats Coaching","article_modified_time":"2023-12-19T15:29:14+00:00","twitter_card":"summary_large_image","twitter_image":"https:\/\/meyer-gerats-coaching.de\/wp\/wp-content\/uploads\/2023\/03\/flipchart-5.svg","twitter_misc":{"Gesch\u00e4tzte Lesezeit":"2\u00a0Minuten"},"schema":{"@context":"https:\/\/schema.org","@graph":[{"@type":"WebPage","@id":"https:\/\/meyer-gerats-coaching.de\/wp\/seminar-fuehrungskraefte\/","url":"https:\/\/meyer-gerats-coaching.de\/wp\/seminar-fuehrungskraefte\/","name":"Seminar F\u00fchrungskr\u00e4fte 1 - Meyer-Gerats Coaching","isPartOf":{"@id":"https:\/\/meyer-gerats-coaching.de\/wp\/#website"},"datePublished":"2023-12-19T15:03:01+00:00","dateModified":"2023-12-19T15:29:14+00:00","breadcrumb":{"@id":"https:\/\/meyer-gerats-coaching.de\/wp\/seminar-fuehrungskraefte\/#breadcrumb"},"inLanguage":"de","potentialAction":[{"@type":"ReadAction","target":["https:\/\/meyer-gerats-coaching.de\/wp\/seminar-fuehrungskraefte\/"]}]},{"@type":"BreadcrumbList","@id":"https:\/\/meyer-gerats-coaching.de\/wp\/seminar-fuehrungskraefte\/#breadcrumb","itemListElement":[{"@type":"ListItem","position":1,"name":"Startseite","item":"https:\/\/meyer-gerats-coaching.de\/wp\/"},{"@type":"ListItem","position":2,"name":"Seminar F\u00fchrungskr\u00e4fte 1"}]},{"@type":"WebSite","@id":"https:\/\/meyer-gerats-coaching.de\/wp\/#website","url":"https:\/\/meyer-gerats-coaching.de\/wp\/","name":"Meyer-Gerats Coaching","description":"Coaching -Training - Mediation","publisher":{"@id":"https:\/\/meyer-gerats-coaching.de\/wp\/#organization"},"potentialAction":[{"@type":"SearchAction","target":{"@type":"EntryPoint","urlTemplate":"https:\/\/meyer-gerats-coaching.de\/wp\/?s={search_term_string}"},"query-input":"required name=search_term_string"}],"inLanguage":"de"},{"@type":"Organization","@id":"https:\/\/meyer-gerats-coaching.de\/wp\/#organization","name":"Meyer-Gerats Coaching","url":"https:\/\/meyer-gerats-coaching.de\/wp\/","logo":{"@type":"ImageObject","inLanguage":"de","@id":"https:\/\/meyer-gerats-coaching.de\/wp\/#\/schema\/logo\/image\/","url":"https:\/\/meyer-gerats-coaching.de\/wp\/wp-content\/uploads\/2021\/11\/logo-meyer-aktuell.png","contentUrl":"https:\/\/meyer-gerats-coaching.de\/wp\/wp-content\/uploads\/2021\/11\/logo-meyer-aktuell.png","width":1408,"height":738,"caption":"Meyer-Gerats Coaching"},"image":{"@id":"https:\/\/meyer-gerats-coaching.de\/wp\/#\/schema\/logo\/image\/"},"sameAs":["https:\/\/www.xing.com\/profile\/Marlies_MeyerGerats","https:\/\/www.linkedin.com\/in\/marlies-meyer-gerats-359623137"]}]}},"_links":{"self":[{"href":"https:\/\/meyer-gerats-coaching.de\/wp\/wp-json\/wp\/v2\/pages\/1164","targetHints":{"allow":["GET"]}}],"collection":[{"href":"https:\/\/meyer-gerats-coaching.de\/wp\/wp-json\/wp\/v2\/pages"}],"about":[{"href":"https:\/\/meyer-gerats-coaching.de\/wp\/wp-json\/wp\/v2\/types\/page"}],"author":[{"embeddable":true,"href":"https:\/\/meyer-gerats-coaching.de\/wp\/wp-json\/wp\/v2\/users\/1"}],"replies":[{"embeddable":true,"href":"https:\/\/meyer-gerats-coaching.de\/wp\/wp-json\/wp\/v2\/comments?post=1164"}],"version-history":[{"count":13,"href":"https:\/\/meyer-gerats-coaching.de\/wp\/wp-json\/wp\/v2\/pages\/1164\/revisions"}],"predecessor-version":[{"id":1215,"href":"https:\/\/meyer-gerats-coaching.de\/wp\/wp-json\/wp\/v2\/pages\/1164\/revisions\/1215"}],"wp:featuredmedia":[{"embeddable":true,"href":"https:\/\/meyer-gerats-coaching.de\/wp\/wp-json\/wp\/v2\/media\/935"}],"wp:attachment":[{"href":"https:\/\/meyer-gerats-coaching.de\/wp\/wp-json\/wp\/v2\/media?parent=1164"}],"curies":[{"name":"wp","href":"https:\/\/api.w.org\/{rel}","templated":true}]}}