{"id":1130,"date":"2023-12-19T12:09:36","date_gmt":"2023-12-19T11:09:36","guid":{"rendered":"https:\/\/meyer-gerats-coaching.de\/wp\/?page_id=1130"},"modified":"2023-12-19T16:24:36","modified_gmt":"2023-12-19T15:24:36","slug":"gluecklichmacher-2","status":"publish","type":"page","link":"https:\/\/meyer-gerats-coaching.de\/wp\/gluecklichmacher-2\/","title":{"rendered":"\u201eVom Verk\u00e4ufer zum Gl\u00fccklichmacher\u201c 2"},"content":{"rendered":"\t\t<div data-elementor-type=\"wp-page\" data-elementor-id=\"1130\" class=\"elementor elementor-1130\" data-elementor-post-type=\"page\">\n\t\t\t\t\t\t\t<div class=\"elementor-element elementor-element-c16079a e-flex e-con-boxed e-con e-parent\" data-id=\"c16079a\" data-element_type=\"container\" data-settings=\"{&quot;content_width&quot;:&quot;boxed&quot;}\" data-core-v316-plus=\"true\">\n\t\t\t\t\t<div class=\"e-con-inner\">\n\t\t<div class=\"elementor-element elementor-element-ad3aa18 e-con-full e-flex e-con e-child\" data-id=\"ad3aa18\" data-element_type=\"container\" data-settings=\"{&quot;content_width&quot;:&quot;full&quot;}\">\n\t\t<div class=\"elementor-element elementor-element-8b728cf e-con-full e-flex elementor-invisible e-con e-child\" data-id=\"8b728cf\" data-element_type=\"container\" data-settings=\"{&quot;content_width&quot;:&quot;full&quot;,&quot;animation&quot;:&quot;fadeInUp&quot;}\">\n\t\t\t\t<div class=\"elementor-element elementor-element-1da297a elementor-widget elementor-widget-image\" data-id=\"1da297a\" data-element_type=\"widget\" data-widget_type=\"image.default\">\n\t\t\t\t<div class=\"elementor-widget-container\">\n\t\t\t<style>\/*! elementor - v3.18.0 - 08-12-2023 *\/\n.elementor-widget-image{text-align:center}.elementor-widget-image a{display:inline-block}.elementor-widget-image a img[src$=\".svg\"]{width:48px}.elementor-widget-image img{vertical-align:middle;display:inline-block}<\/style>\t\t\t\t\t\t\t\t\t\t\t\t<img fetchpriority=\"high\" decoding=\"async\" width=\"1024\" height=\"1024\" src=\"https:\/\/meyer-gerats-coaching.de\/wp\/wp-content\/uploads\/2023\/03\/flipchart-2.svg\" class=\"attachment-large size-large wp-image-928\" alt=\"\" \/>\t\t\t\t\t\t\t\t\t\t\t\t\t\t\t<\/div>\n\t\t\t\t<\/div>\n\t\t\t\t<\/div>\n\t\t<div class=\"elementor-element elementor-element-2a9211e e-con-full e-flex elementor-invisible e-con e-child\" data-id=\"2a9211e\" data-element_type=\"container\" data-settings=\"{&quot;content_width&quot;:&quot;full&quot;,&quot;animation&quot;:&quot;fadeInRight&quot;}\">\n\t\t\t\t<div class=\"elementor-element elementor-element-6f0ad27 elementor-widget elementor-widget-theme-post-title elementor-page-title elementor-widget-heading\" data-id=\"6f0ad27\" data-element_type=\"widget\" data-widget_type=\"theme-post-title.default\">\n\t\t\t\t<div class=\"elementor-widget-container\">\n\t\t\t<style>\/*! elementor - v3.18.0 - 08-12-2023 *\/\n.elementor-heading-title{padding:0;margin:0;line-height:1}.elementor-widget-heading .elementor-heading-title[class*=elementor-size-]>a{color:inherit;font-size:inherit;line-height:inherit}.elementor-widget-heading .elementor-heading-title.elementor-size-small{font-size:15px}.elementor-widget-heading .elementor-heading-title.elementor-size-medium{font-size:19px}.elementor-widget-heading .elementor-heading-title.elementor-size-large{font-size:29px}.elementor-widget-heading .elementor-heading-title.elementor-size-xl{font-size:39px}.elementor-widget-heading .elementor-heading-title.elementor-size-xxl{font-size:59px}<\/style><h1 class=\"elementor-heading-title elementor-size-default\">\u201eVom Verk\u00e4ufer zum Gl\u00fccklichmacher\u201c 2<\/h1>\t\t<\/div>\n\t\t\t\t<\/div>\n\t\t\t\t<\/div>\n\t\t\t\t<\/div>\n\t\t<div class=\"elementor-element elementor-element-d491970 e-con-full e-flex e-con e-child\" data-id=\"d491970\" data-element_type=\"container\" data-settings=\"{&quot;content_width&quot;:&quot;full&quot;}\">\n\t\t\t\t<div class=\"elementor-element elementor-element-0464e56 haupttext elementor-widget elementor-widget-text-editor\" data-id=\"0464e56\" data-element_type=\"widget\" data-widget_type=\"text-editor.default\">\n\t\t\t\t<div class=\"elementor-widget-container\">\n\t\t\t<style>\/*! elementor - v3.18.0 - 08-12-2023 *\/\n.elementor-widget-text-editor.elementor-drop-cap-view-stacked .elementor-drop-cap{background-color:#69727d;color:#fff}.elementor-widget-text-editor.elementor-drop-cap-view-framed .elementor-drop-cap{color:#69727d;border:3px solid;background-color:transparent}.elementor-widget-text-editor:not(.elementor-drop-cap-view-default) .elementor-drop-cap{margin-top:8px}.elementor-widget-text-editor:not(.elementor-drop-cap-view-default) .elementor-drop-cap-letter{width:1em;height:1em}.elementor-widget-text-editor .elementor-drop-cap{float:left;text-align:center;line-height:1;font-size:50px}.elementor-widget-text-editor .elementor-drop-cap-letter{display:inline-block}<\/style>\t\t\t\t<p><strong>Geeignet f\u00fcr erfahrene Verk\u00e4ufer.<\/strong><\/p><p>Du als Retail F\u00fchrungskraft oder engagierter Verk\u00e4ufer suchst einen Zeitgem\u00e4\u00dfen neuen Focus und Strategien f\u00fcr exzellenten Kundenkontakt und Sales Performance?<\/p><p>In meinem Seminar zeige ich dir Strategien f\u00fcr Inner Sales:<\/p><ul><li>Wie gehen wir mit Kunden um?<\/li><li>Wie kommunizieren wir?<\/li><li>\u201eDas Mehr an echter Kundenbindung\u201c<\/li><li>\u201eDen Kunden lesen k\u00f6nnen\u201c<\/li><li>\u201eDas Mehr an Umsatz\u201c<\/li><\/ul><p>Ich erarbeite mit Dir Strategien ,wie du erfolgreich verkaufst und sicher auf Kunden zugehen kannst. Wie du bestimmte Sinne im Verkauf nutzen und Floskeln vermeidest.<\/p><p>Ich zeige Dir \u201eStorry Telling\u201c und verkaufen mit Herz. Wie du den Kunden mit seinen W\u00fcnschen 100% im Focus stellst und ihn dabei beraten und trotzdem f\u00fchren kannst.<br \/>Was hei\u00dft es Outfits zu verkaufen&#8230;ohne Grenze? Was l\u00f6st du mit einem Erlebnis Verkauf aus? Was kannst du daf\u00fcr tun?<\/p><p>Ich zeige Dir, wie du ein Kundenliebling wirst und Spa\u00df am erfolgreichen verkaufen bekommst.<\/p><p><strong>Seminarort:<\/strong><br \/>Schloss Walbeck<br \/>Am Schlo\u00df Walbeck 31<br \/>47608 Geldern<\/p><p><strong>Seminar 2 Tage:<\/strong><br \/>1 Tag: 9 Uhr &#8211; 17.00 Uhr<br \/>2 Tag: 9 Uhr &#8211; 16.00 Uhr<\/p><p><strong>Geb\u00fchr (Verpflegung inbegriffen)<\/strong>: 1000 \u20ac + MwSt.<\/p>\t\t\t\t\t\t<\/div>\n\t\t\t\t<\/div>\n\t\t\t\t<\/div>\n\t\t\t\t\t<\/div>\n\t\t\t\t<\/div>\n\t\t\t\t\t\t\t<\/div>\n\t\t","protected":false},"excerpt":{"rendered":"<p>Geeignet f\u00fcr erfahrene Verk\u00e4ufer. Du als Retail F\u00fchrungskraft oder engagierter Verk\u00e4ufer suchst einen Zeitgem\u00e4\u00dfen neuen Focus und Strategien f\u00fcr exzellenten Kundenkontakt und Sales Performance? In meinem Seminar zeige ich dir Strategien f\u00fcr Inner Sales: Wie gehen wir mit Kunden um? Wie kommunizieren wir? \u201eDas Mehr an echter Kundenbindung\u201c \u201eDen Kunden lesen k\u00f6nnen\u201c \u201eDas Mehr an [&hellip;]<\/p>\n","protected":false},"author":1,"featured_media":928,"parent":0,"menu_order":0,"comment_status":"closed","ping_status":"closed","template":"","meta":{"inline_featured_image":false,"footnotes":""},"class_list":["post-1130","page","type-page","status-publish","has-post-thumbnail","hentry"],"yoast_head":"<!-- This site is optimized with the Yoast SEO plugin v21.7 - https:\/\/yoast.com\/wordpress\/plugins\/seo\/ -->\n<title>\u201eVom Verk\u00e4ufer zum Gl\u00fccklichmacher\u201c 2 - Meyer-Gerats Coaching<\/title>\n<meta name=\"robots\" content=\"index, follow, max-snippet:-1, max-image-preview:large, max-video-preview:-1\" \/>\n<link rel=\"canonical\" href=\"https:\/\/meyer-gerats-coaching.de\/wp\/gluecklichmacher-2\/\" \/>\n<meta property=\"og:locale\" content=\"de_DE\" \/>\n<meta property=\"og:type\" content=\"article\" \/>\n<meta property=\"og:title\" content=\"\u201eVom Verk\u00e4ufer zum Gl\u00fccklichmacher\u201c 2 - Meyer-Gerats Coaching\" \/>\n<meta property=\"og:description\" content=\"Geeignet f\u00fcr erfahrene Verk\u00e4ufer. Du als Retail F\u00fchrungskraft oder engagierter Verk\u00e4ufer suchst einen Zeitgem\u00e4\u00dfen neuen Focus und Strategien f\u00fcr exzellenten Kundenkontakt und Sales Performance? In meinem Seminar zeige ich dir Strategien f\u00fcr Inner Sales: Wie gehen wir mit Kunden um? Wie kommunizieren wir? \u201eDas Mehr an echter Kundenbindung\u201c \u201eDen Kunden lesen k\u00f6nnen\u201c \u201eDas Mehr an [&hellip;]\" \/>\n<meta property=\"og:url\" content=\"https:\/\/meyer-gerats-coaching.de\/wp\/gluecklichmacher-2\/\" \/>\n<meta property=\"og:site_name\" content=\"Meyer-Gerats Coaching\" \/>\n<meta property=\"article:modified_time\" content=\"2023-12-19T15:24:36+00:00\" \/>\n<meta name=\"twitter:card\" content=\"summary_large_image\" \/>\n<meta name=\"twitter:image\" content=\"https:\/\/meyer-gerats-coaching.de\/wp\/wp-content\/uploads\/2023\/03\/flipchart-2.svg\" \/>\n<meta name=\"twitter:label1\" content=\"Gesch\u00e4tzte Lesezeit\" \/>\n\t<meta name=\"twitter:data1\" content=\"2\u00a0Minuten\" \/>\n<script type=\"application\/ld+json\" class=\"yoast-schema-graph\">{\"@context\":\"https:\/\/schema.org\",\"@graph\":[{\"@type\":\"WebPage\",\"@id\":\"https:\/\/meyer-gerats-coaching.de\/wp\/gluecklichmacher-2\/\",\"url\":\"https:\/\/meyer-gerats-coaching.de\/wp\/gluecklichmacher-2\/\",\"name\":\"\u201eVom Verk\u00e4ufer zum Gl\u00fccklichmacher\u201c 2 - Meyer-Gerats Coaching\",\"isPartOf\":{\"@id\":\"https:\/\/meyer-gerats-coaching.de\/wp\/#website\"},\"datePublished\":\"2023-12-19T11:09:36+00:00\",\"dateModified\":\"2023-12-19T15:24:36+00:00\",\"breadcrumb\":{\"@id\":\"https:\/\/meyer-gerats-coaching.de\/wp\/gluecklichmacher-2\/#breadcrumb\"},\"inLanguage\":\"de\",\"potentialAction\":[{\"@type\":\"ReadAction\",\"target\":[\"https:\/\/meyer-gerats-coaching.de\/wp\/gluecklichmacher-2\/\"]}]},{\"@type\":\"BreadcrumbList\",\"@id\":\"https:\/\/meyer-gerats-coaching.de\/wp\/gluecklichmacher-2\/#breadcrumb\",\"itemListElement\":[{\"@type\":\"ListItem\",\"position\":1,\"name\":\"Startseite\",\"item\":\"https:\/\/meyer-gerats-coaching.de\/wp\/\"},{\"@type\":\"ListItem\",\"position\":2,\"name\":\"\u201eVom Verk\u00e4ufer zum Gl\u00fccklichmacher\u201c 2\"}]},{\"@type\":\"WebSite\",\"@id\":\"https:\/\/meyer-gerats-coaching.de\/wp\/#website\",\"url\":\"https:\/\/meyer-gerats-coaching.de\/wp\/\",\"name\":\"Meyer-Gerats Coaching\",\"description\":\"Coaching -Training - Mediation\",\"publisher\":{\"@id\":\"https:\/\/meyer-gerats-coaching.de\/wp\/#organization\"},\"potentialAction\":[{\"@type\":\"SearchAction\",\"target\":{\"@type\":\"EntryPoint\",\"urlTemplate\":\"https:\/\/meyer-gerats-coaching.de\/wp\/?s={search_term_string}\"},\"query-input\":\"required name=search_term_string\"}],\"inLanguage\":\"de\"},{\"@type\":\"Organization\",\"@id\":\"https:\/\/meyer-gerats-coaching.de\/wp\/#organization\",\"name\":\"Meyer-Gerats Coaching\",\"url\":\"https:\/\/meyer-gerats-coaching.de\/wp\/\",\"logo\":{\"@type\":\"ImageObject\",\"inLanguage\":\"de\",\"@id\":\"https:\/\/meyer-gerats-coaching.de\/wp\/#\/schema\/logo\/image\/\",\"url\":\"https:\/\/meyer-gerats-coaching.de\/wp\/wp-content\/uploads\/2021\/11\/logo-meyer-aktuell.png\",\"contentUrl\":\"https:\/\/meyer-gerats-coaching.de\/wp\/wp-content\/uploads\/2021\/11\/logo-meyer-aktuell.png\",\"width\":1408,\"height\":738,\"caption\":\"Meyer-Gerats Coaching\"},\"image\":{\"@id\":\"https:\/\/meyer-gerats-coaching.de\/wp\/#\/schema\/logo\/image\/\"},\"sameAs\":[\"https:\/\/www.xing.com\/profile\/Marlies_MeyerGerats\",\"https:\/\/www.linkedin.com\/in\/marlies-meyer-gerats-359623137\"]}]}<\/script>\n<!-- \/ Yoast SEO plugin. -->","yoast_head_json":{"title":"\u201eVom Verk\u00e4ufer zum Gl\u00fccklichmacher\u201c 2 - Meyer-Gerats Coaching","robots":{"index":"index","follow":"follow","max-snippet":"max-snippet:-1","max-image-preview":"max-image-preview:large","max-video-preview":"max-video-preview:-1"},"canonical":"https:\/\/meyer-gerats-coaching.de\/wp\/gluecklichmacher-2\/","og_locale":"de_DE","og_type":"article","og_title":"\u201eVom Verk\u00e4ufer zum Gl\u00fccklichmacher\u201c 2 - Meyer-Gerats Coaching","og_description":"Geeignet f\u00fcr erfahrene Verk\u00e4ufer. Du als Retail F\u00fchrungskraft oder engagierter Verk\u00e4ufer suchst einen Zeitgem\u00e4\u00dfen neuen Focus und Strategien f\u00fcr exzellenten Kundenkontakt und Sales Performance? In meinem Seminar zeige ich dir Strategien f\u00fcr Inner Sales: Wie gehen wir mit Kunden um? Wie kommunizieren wir? \u201eDas Mehr an echter Kundenbindung\u201c \u201eDen Kunden lesen k\u00f6nnen\u201c \u201eDas Mehr an [&hellip;]","og_url":"https:\/\/meyer-gerats-coaching.de\/wp\/gluecklichmacher-2\/","og_site_name":"Meyer-Gerats Coaching","article_modified_time":"2023-12-19T15:24:36+00:00","twitter_card":"summary_large_image","twitter_image":"https:\/\/meyer-gerats-coaching.de\/wp\/wp-content\/uploads\/2023\/03\/flipchart-2.svg","twitter_misc":{"Gesch\u00e4tzte Lesezeit":"2\u00a0Minuten"},"schema":{"@context":"https:\/\/schema.org","@graph":[{"@type":"WebPage","@id":"https:\/\/meyer-gerats-coaching.de\/wp\/gluecklichmacher-2\/","url":"https:\/\/meyer-gerats-coaching.de\/wp\/gluecklichmacher-2\/","name":"\u201eVom Verk\u00e4ufer zum Gl\u00fccklichmacher\u201c 2 - Meyer-Gerats Coaching","isPartOf":{"@id":"https:\/\/meyer-gerats-coaching.de\/wp\/#website"},"datePublished":"2023-12-19T11:09:36+00:00","dateModified":"2023-12-19T15:24:36+00:00","breadcrumb":{"@id":"https:\/\/meyer-gerats-coaching.de\/wp\/gluecklichmacher-2\/#breadcrumb"},"inLanguage":"de","potentialAction":[{"@type":"ReadAction","target":["https:\/\/meyer-gerats-coaching.de\/wp\/gluecklichmacher-2\/"]}]},{"@type":"BreadcrumbList","@id":"https:\/\/meyer-gerats-coaching.de\/wp\/gluecklichmacher-2\/#breadcrumb","itemListElement":[{"@type":"ListItem","position":1,"name":"Startseite","item":"https:\/\/meyer-gerats-coaching.de\/wp\/"},{"@type":"ListItem","position":2,"name":"\u201eVom Verk\u00e4ufer zum Gl\u00fccklichmacher\u201c 2"}]},{"@type":"WebSite","@id":"https:\/\/meyer-gerats-coaching.de\/wp\/#website","url":"https:\/\/meyer-gerats-coaching.de\/wp\/","name":"Meyer-Gerats Coaching","description":"Coaching -Training - Mediation","publisher":{"@id":"https:\/\/meyer-gerats-coaching.de\/wp\/#organization"},"potentialAction":[{"@type":"SearchAction","target":{"@type":"EntryPoint","urlTemplate":"https:\/\/meyer-gerats-coaching.de\/wp\/?s={search_term_string}"},"query-input":"required name=search_term_string"}],"inLanguage":"de"},{"@type":"Organization","@id":"https:\/\/meyer-gerats-coaching.de\/wp\/#organization","name":"Meyer-Gerats Coaching","url":"https:\/\/meyer-gerats-coaching.de\/wp\/","logo":{"@type":"ImageObject","inLanguage":"de","@id":"https:\/\/meyer-gerats-coaching.de\/wp\/#\/schema\/logo\/image\/","url":"https:\/\/meyer-gerats-coaching.de\/wp\/wp-content\/uploads\/2021\/11\/logo-meyer-aktuell.png","contentUrl":"https:\/\/meyer-gerats-coaching.de\/wp\/wp-content\/uploads\/2021\/11\/logo-meyer-aktuell.png","width":1408,"height":738,"caption":"Meyer-Gerats Coaching"},"image":{"@id":"https:\/\/meyer-gerats-coaching.de\/wp\/#\/schema\/logo\/image\/"},"sameAs":["https:\/\/www.xing.com\/profile\/Marlies_MeyerGerats","https:\/\/www.linkedin.com\/in\/marlies-meyer-gerats-359623137"]}]}},"_links":{"self":[{"href":"https:\/\/meyer-gerats-coaching.de\/wp\/wp-json\/wp\/v2\/pages\/1130","targetHints":{"allow":["GET"]}}],"collection":[{"href":"https:\/\/meyer-gerats-coaching.de\/wp\/wp-json\/wp\/v2\/pages"}],"about":[{"href":"https:\/\/meyer-gerats-coaching.de\/wp\/wp-json\/wp\/v2\/types\/page"}],"author":[{"embeddable":true,"href":"https:\/\/meyer-gerats-coaching.de\/wp\/wp-json\/wp\/v2\/users\/1"}],"replies":[{"embeddable":true,"href":"https:\/\/meyer-gerats-coaching.de\/wp\/wp-json\/wp\/v2\/comments?post=1130"}],"version-history":[{"count":17,"href":"https:\/\/meyer-gerats-coaching.de\/wp\/wp-json\/wp\/v2\/pages\/1130\/revisions"}],"predecessor-version":[{"id":1197,"href":"https:\/\/meyer-gerats-coaching.de\/wp\/wp-json\/wp\/v2\/pages\/1130\/revisions\/1197"}],"wp:featuredmedia":[{"embeddable":true,"href":"https:\/\/meyer-gerats-coaching.de\/wp\/wp-json\/wp\/v2\/media\/928"}],"wp:attachment":[{"href":"https:\/\/meyer-gerats-coaching.de\/wp\/wp-json\/wp\/v2\/media?parent=1130"}],"curies":[{"name":"wp","href":"https:\/\/api.w.org\/{rel}","templated":true}]}}